{"id":2584,"date":"2024-11-18T11:23:04","date_gmt":"2024-11-18T11:23:04","guid":{"rendered":"https:\/\/distra-iraq.com\/?post_type=product&#038;p=2584"},"modified":"2025-08-17T12:09:30","modified_gmt":"2025-08-17T12:09:30","slug":"masterpro-mini-round-casserole-12-9x9-8x4-4-7-1cm-stoneware-w-lid-cook-share-mp-10204","status":"publish","type":"product","link":"https:\/\/distra-iraq.com\/ar\/product\/masterpro-mini-round-casserole-12-9x9-8x4-4-7-1cm-stoneware-w-lid-cook-share-mp-10204\/","title":{"rendered":"\u0645\u0627\u0633\u062a\u0631 \u0628\u0631\u0648\u060c \u0637\u0627\u062c\u0646 \u0645\u0633\u062a\u062f\u064a\u0631 \u0635\u063a\u064a\u0631 12.9 \u00d7 9.8 \u00d7 4.4 \u00d7 7.1 \u0633\u0645 \u062e\u0632\u0641\u064a \u062d\u062c\u0631\u064a \u0628\u063a\u0637\u0627\u0621 \u0637\u0647\u064a \u0648\u0645\u0634\u0627\u0631\u0643\u0629 Mp 10204"},"content":{"rendered":"<div class=\"tab-content description\">\n<div class=\"std\">Mini Round Casserole 12.9X9.8X4.4\/7.1Cm Stoneware W\/Lid Cook &amp; Share Mp<\/div>\n<\/div>\n<div class=\"tab-content additional\"><\/div>","protected":false},"excerpt":{"rendered":"<div class=\"tab-content description\">\n<div class=\"std\">Mini Round Casserole 12.9X9.8X4.4\/7.1Cm Stoneware W\/Lid Cook &amp; Share Mp<\/div>\n<\/div>\n<div class=\"tab-content additional\"><\/div>","protected":false},"featured_media":2585,"comment_status":"open","ping_status":"closed","template":"","meta":[],"pwb-brand":[25],"product_brand":[],"product_cat":[19,27],"product_tag":[47],"class_list":{"0":"post-2584","1":"product","2":"type-product","3":"status-publish","4":"has-post-thumbnail","6":"pwb-brand-masterpro","7":"product_cat-home-living","8":"product_cat-kitchenware","9":"product_tag-masterpro","11":"first","12":"instock","13":"shipping-taxable","14":"purchasable","15":"product-type-simple"},"brands":[{"id":25,"name":"\u0645\u0627\u0633\u062a\u0631 \u0628\u0631\u0648","slug":"masterpro"}],"_links":{"self":[{"href":"https:\/\/distra-iraq.com\/ar\/wp-json\/wp\/v2\/product\/2584","targetHints":{"allow":["GET"]}}],"collection":[{"href":"https:\/\/distra-iraq.com\/ar\/wp-json\/wp\/v2\/product"}],"about":[{"href":"https:\/\/distra-iraq.com\/ar\/wp-json\/wp\/v2\/types\/product"}],"replies":[{"embeddable":true,"href":"https:\/\/distra-iraq.com\/ar\/wp-json\/wp\/v2\/comments?post=2584"}],"wp:featuredmedia":[{"embeddable":true,"href":"https:\/\/distra-iraq.com\/ar\/wp-json\/wp\/v2\/media\/2585"}],"wp:attachment":[{"href":"https:\/\/distra-iraq.com\/ar\/wp-json\/wp\/v2\/media?parent=2584"}],"wp:term":[{"taxonomy":"pwb-brand","embeddable":true,"href":"https:\/\/distra-iraq.com\/ar\/wp-json\/wp\/v2\/pwb-brand?post=2584"},{"taxonomy":"product_brand","embeddable":true,"href":"https:\/\/distra-iraq.com\/ar\/wp-json\/wp\/v2\/product_brand?post=2584"},{"taxonomy":"product_cat","embeddable":true,"href":"https:\/\/distra-iraq.com\/ar\/wp-json\/wp\/v2\/product_cat?post=2584"},{"taxonomy":"product_tag","embeddable":true,"href":"https:\/\/distra-iraq.com\/ar\/wp-json\/wp\/v2\/product_tag?post=2584"}],"curies":[{"name":"wp","href":"https:\/\/api.w.org\/{rel}","templated":true}]}}